{"id":12142,"date":"2020-08-07T13:07:45","date_gmt":"2020-08-07T11:07:45","guid":{"rendered":"https:\/\/oskaraskarolina.edu.rs\/?page_id=12142"},"modified":"2025-02-24T11:26:12","modified_gmt":"2025-02-24T09:26:12","slug":"elerhetoseg","status":"publish","type":"page","link":"https:\/\/oskaraskarolina.edu.rs\/sr\/elerhetoseg\/","title":{"rendered":"Kontakt"},"content":{"rendered":"<div data-elementor-type=\"wp-page\" data-elementor-id=\"12142\" class=\"elementor elementor-12142\">\n\t\t\t\t\t\t<section class=\"elementor-section elementor-top-section elementor-element elementor-element-2ffcecc elementor-section-boxed elementor-section-height-default elementor-section-height-default\" data-id=\"2ffcecc\" data-element_type=\"section\" data-e-type=\"section\">\n\t\t\t\t\t\t<div class=\"elementor-container elementor-column-gap-default\">\n\t\t\t\t\t<div class=\"elementor-column elementor-col-100 elementor-top-column elementor-element elementor-element-383ebf7\" data-id=\"383ebf7\" data-element_type=\"column\" data-e-type=\"column\">\n\t\t\t<div class=\"elementor-widget-wrap elementor-element-populated\">\n\t\t\t\t\t\t<div class=\"elementor-element elementor-element-2f7af67 elementor-invisible elementor-widget elementor-widget-text-editor\" data-id=\"2f7af67\" data-element_type=\"widget\" data-e-type=\"widget\" data-settings=\"{&quot;_animation&quot;:&quot;fadeInDown&quot;}\" data-widget_type=\"text-editor.default\">\n\t\t\t\t<div class=\"elementor-widget-container\">\n\t\t\t\t\t\t\t\t\t<p><strong>Direktor<\/strong>\u00a0 (024) 793-510<\/p><p><strong>Sekretarijat\u00a0 \u00a0 \u00a0<\/strong>\u00a0 (024) 792-023<\/p><p><strong>Ra\u010dunovodstvo\u00a0<\/strong>(024) 793-511<\/p><p><strong>Adresa:<\/strong>\u00a0 \u00a0 \u00a0 \u00a0 \u00a0 \u00a0 \u00a0 \u00a0 \u00a0 Srbija, 24410. Horgo\u0161, Karasova 14.<\/p><p><strong>E-mail:<\/strong>\u00a0 \u00a0 \u00a0 \u00a0 \u00a0 \u00a0 \u00a0hosko@stcable.net\u00a0 \u00a0 \u00a0 \u00a0 \u00a0 \u00a0 \u00a0 \u00a0 \u00a0 \u00a0 \u00a0 \u00a0 \u00a0 \u00a0 \u00a0 \u00a0<span style=\"color: var( --e-global-color-text );\">karaskhorgos@gmail.com<\/span><\/p>\t\t\t\t\t\t\t\t<\/div>\n\t\t\t\t<\/div>\n\t\t\t\t\t<\/div>\n\t\t<\/div>\n\t\t\t\t\t<\/div>\n\t\t<\/section>\n\t\t\t\t<section class=\"elementor-section elementor-top-section elementor-element elementor-element-6d55a6f elementor-section-boxed elementor-section-height-default elementor-section-height-default elementor-invisible\" data-id=\"6d55a6f\" data-element_type=\"section\" data-e-type=\"section\" data-settings=\"{&quot;animation&quot;:&quot;zoomIn&quot;}\">\n\t\t\t\t\t\t<div class=\"elementor-container elementor-column-gap-default\">\n\t\t\t\t\t<div class=\"elementor-column elementor-col-100 elementor-top-column elementor-element elementor-element-e17dad4\" data-id=\"e17dad4\" data-element_type=\"column\" data-e-type=\"column\">\n\t\t\t<div class=\"elementor-widget-wrap elementor-element-populated\">\n\t\t\t\t\t\t<div class=\"elementor-element elementor-element-0092e71 elementor-widget elementor-widget-google_maps\" data-id=\"0092e71\" data-element_type=\"widget\" data-e-type=\"widget\" data-widget_type=\"google_maps.default\">\n\t\t\t\t<div class=\"elementor-widget-container\">\n\t\t\t\t\t\t\t<div class=\"elementor-custom-embed\">\n\t\t\t<iframe loading=\"lazy\"\n\t\t\t\t\tsrc=\"https:\/\/maps.google.com\/maps?q=Horgos%2C%20Karasova%20ulica%2014&#038;t=m&#038;z=15&#038;output=embed&#038;iwloc=near\"\n\t\t\t\t\ttitle=\"Horgos, Karasova ulica 14\"\n\t\t\t\t\taria-label=\"Horgos, Karasova ulica 14\"\n\t\t\t><\/iframe>\n\t\t<\/div>\n\t\t\t\t\t\t<\/div>\n\t\t\t\t<\/div>\n\t\t\t\t\t<\/div>\n\t\t<\/div>\n\t\t\t\t\t<\/div>\n\t\t<\/section>\n\t\t\t\t<section class=\"elementor-section elementor-top-section elementor-element elementor-element-4c219ca elementor-section-boxed elementor-section-height-default elementor-section-height-default\" data-id=\"4c219ca\" data-element_type=\"section\" data-e-type=\"section\">\n\t\t\t\t\t\t<div class=\"elementor-container elementor-column-gap-default\">\n\t\t\t\t\t<div class=\"elementor-column elementor-col-100 elementor-top-column elementor-element elementor-element-5575002\" data-id=\"5575002\" data-element_type=\"column\" data-e-type=\"column\">\n\t\t\t<div class=\"elementor-widget-wrap elementor-element-populated\">\n\t\t\t\t\t\t<div class=\"elementor-element elementor-element-6a3afee elementor-widget elementor-widget-text-editor\" data-id=\"6a3afee\" data-element_type=\"widget\" data-e-type=\"widget\" data-widget_type=\"text-editor.default\">\n\t\t\t\t<div class=\"elementor-widget-container\">\n\t\t\t\t\t\t\t\t\t<p><strong>Telefon: <\/strong>(024) 882-080<\/p><p><strong>Adresa:<\/strong> Kis Ferenc BB, Kispiac<\/p>\t\t\t\t\t\t\t\t<\/div>\n\t\t\t\t<\/div>\n\t\t\t\t\t<\/div>\n\t\t<\/div>\n\t\t\t\t\t<\/div>\n\t\t<\/section>\n\t\t\t\t<section class=\"elementor-section elementor-top-section elementor-element elementor-element-edf22f1 elementor-section-boxed elementor-section-height-default elementor-section-height-default\" data-id=\"edf22f1\" data-element_type=\"section\" data-e-type=\"section\">\n\t\t\t\t\t\t<div class=\"elementor-container elementor-column-gap-default\">\n\t\t\t\t\t<div class=\"elementor-column elementor-col-100 elementor-top-column elementor-element elementor-element-5f5999a\" data-id=\"5f5999a\" data-element_type=\"column\" data-e-type=\"column\">\n\t\t\t<div class=\"elementor-widget-wrap elementor-element-populated\">\n\t\t\t\t\t\t<div class=\"elementor-element elementor-element-6aa197b elementor-widget elementor-widget-google_maps\" data-id=\"6aa197b\" data-element_type=\"widget\" data-e-type=\"widget\" data-widget_type=\"google_maps.default\">\n\t\t\t\t<div class=\"elementor-widget-container\">\n\t\t\t\t\t\t\t<div class=\"elementor-custom-embed\">\n\t\t\t<iframe loading=\"lazy\"\n\t\t\t\t\tsrc=\"https:\/\/maps.google.com\/maps?q=Ferenca%20Ki%C5%A1a%20bb%2C%2C%20Male%20Pijace&#038;t=m&#038;z=14&#038;output=embed&#038;iwloc=near\"\n\t\t\t\t\ttitle=\"Ferenca Ki\u0161a bb,, Male Pijace\"\n\t\t\t\t\taria-label=\"Ferenca Ki\u0161a bb,, Male Pijace\"\n\t\t\t><\/iframe>\n\t\t<\/div>\n\t\t\t\t\t\t<\/div>\n\t\t\t\t<\/div>\n\t\t\t\t\t<\/div>\n\t\t<\/div>\n\t\t\t\t\t<\/div>\n\t\t<\/section>\n\t\t\t\t<\/div>","protected":false},"excerpt":{"rendered":"<p>Igazgat\u00f3s\u00e1g:\u00a0 (024) 793-510 Titk\u00e1rs\u00e1g:\u00a0 \u00a0 \u00a0\u00a0 (024) 792-023 K\u00f6nyvel\u0151s\u00e9g:\u00a0(024) 793-511 C\u00edm:\u00a0 \u00a0 \u00a0 \u00a0 \u00a0 \u00a0 \u00a0 \u00a0 \u00a0 K\u00e1r\u00e1sz utca 14, Horgos. 24410. Szerbia E-mail:\u00a0 \u00a0 \u00a0 \u00a0 \u00a0&hellip;<\/p>\n<p> <a class=\"more-link\" href=\"https:\/\/oskaraskarolina.edu.rs\/sr\/elerhetoseg\/\">Read more<\/a><\/p>","protected":false},"author":1,"featured_media":0,"parent":0,"menu_order":0,"comment_status":"closed","ping_status":"closed","template":"","meta":{"footnotes":"","_links_to":"","_links_to_target":""},"class_list":["post-12142","page","type-page","status-publish"],"_links":{"self":[{"href":"https:\/\/oskaraskarolina.edu.rs\/sr\/wp-json\/wp\/v2\/pages\/12142","targetHints":{"allow":["GET"]}}],"collection":[{"href":"https:\/\/oskaraskarolina.edu.rs\/sr\/wp-json\/wp\/v2\/pages"}],"about":[{"href":"https:\/\/oskaraskarolina.edu.rs\/sr\/wp-json\/wp\/v2\/types\/page"}],"author":[{"embeddable":true,"href":"https:\/\/oskaraskarolina.edu.rs\/sr\/wp-json\/wp\/v2\/users\/1"}],"replies":[{"embeddable":true,"href":"https:\/\/oskaraskarolina.edu.rs\/sr\/wp-json\/wp\/v2\/comments?post=12142"}],"version-history":[{"count":18,"href":"https:\/\/oskaraskarolina.edu.rs\/sr\/wp-json\/wp\/v2\/pages\/12142\/revisions"}],"predecessor-version":[{"id":13373,"href":"https:\/\/oskaraskarolina.edu.rs\/sr\/wp-json\/wp\/v2\/pages\/12142\/revisions\/13373"}],"wp:attachment":[{"href":"https:\/\/oskaraskarolina.edu.rs\/sr\/wp-json\/wp\/v2\/media?parent=12142"}],"curies":[{"name":"wp","href":"https:\/\/api.w.org\/{rel}","templated":true}]}}