{"id":12181,"date":"2020-08-17T22:53:38","date_gmt":"2020-08-17T20:53:38","guid":{"rendered":"https:\/\/oskaraskarolina.edu.rs\/?page_id=12181"},"modified":"2026-01-15T15:09:51","modified_gmt":"2026-01-15T13:09:51","slug":"kisegito-szemelyzet","status":"publish","type":"page","link":"https:\/\/oskaraskarolina.edu.rs\/sr\/kisegito-szemelyzet\/","title":{"rendered":"Pomo\u0107no osoblje"},"content":{"rendered":"<div data-elementor-type=\"wp-page\" data-elementor-id=\"12181\" class=\"elementor elementor-12181\">\n\t\t\t\t\t\t<section class=\"elementor-section elementor-top-section elementor-element elementor-element-62595ad elementor-section-boxed elementor-section-height-default elementor-section-height-default\" data-id=\"62595ad\" data-element_type=\"section\" data-e-type=\"section\">\n\t\t\t\t\t\t<div class=\"elementor-container elementor-column-gap-default\">\n\t\t\t\t\t<div class=\"elementor-column elementor-col-50 elementor-top-column elementor-element elementor-element-33de6d7\" data-id=\"33de6d7\" data-element_type=\"column\" data-e-type=\"column\">\n\t\t\t<div class=\"elementor-widget-wrap elementor-element-populated\">\n\t\t\t\t\t\t<div class=\"elementor-element elementor-element-849331f elementor-invisible elementor-widget elementor-widget-text-editor\" data-id=\"849331f\" data-element_type=\"widget\" data-e-type=\"widget\" data-settings=\"{&quot;_animation&quot;:&quot;fadeInLeft&quot;}\" data-widget_type=\"text-editor.default\">\n\t\t\t\t<div class=\"elementor-widget-container\">\n\t\t\t\t\t\t\t\t\t<p>Aniko Molnar<\/p><p><span style=\"color: var( --e-global-color-text );\">\u017du\u017eana Kan\u010dur<\/span><\/p><p>Fekete Be\u00e1trix<\/p><p>S\u00f3s Edit<\/p><p>V\u00f6r\u00f6s T\u00edmea<\/p><p>Eva Abraham<\/p><p>\u00a0<\/p>\t\t\t\t\t\t\t\t<\/div>\n\t\t\t\t<\/div>\n\t\t\t\t\t<\/div>\n\t\t<\/div>\n\t\t\t\t<div class=\"elementor-column elementor-col-50 elementor-top-column elementor-element elementor-element-4d75203\" data-id=\"4d75203\" data-element_type=\"column\" data-e-type=\"column\">\n\t\t\t<div class=\"elementor-widget-wrap elementor-element-populated\">\n\t\t\t\t\t\t<div class=\"elementor-element elementor-element-fd00686 elementor-invisible elementor-widget elementor-widget-text-editor\" data-id=\"fd00686\" data-element_type=\"widget\" data-e-type=\"widget\" data-settings=\"{&quot;_animation&quot;:&quot;fadeInRight&quot;}\" data-widget_type=\"text-editor.default\">\n\t\t\t\t<div class=\"elementor-widget-container\">\n\t\t\t\t\t\t\t\t\t<p>\u017dolt Bala\u017e Piri<\/p><p>Ervin \u0160ere\u0161<\/p><p>Katalin Barat<\/p><p>Otilia Bia\u010d<\/p><p>Rita Na\u0111<\/p>\t\t\t\t\t\t\t\t<\/div>\n\t\t\t\t<\/div>\n\t\t\t\t\t<\/div>\n\t\t<\/div>\n\t\t\t\t\t<\/div>\n\t\t<\/section>\n\t\t\t\t<\/div>","protected":false},"excerpt":{"rendered":"<p>Moln\u00e1r Anik\u00f3 Kancs\u00far Zsuzsanna Fekete Be\u00e1trix S\u00f3s Edit V\u00f6r\u00f6s T\u00edmea \u00c1brah\u00e1m \u00c9va \u00a0 Bal\u00e1zs Piri Zsolt S\u00f6r\u00f6s Ervin Bar\u00e1t Katalin Biacs Ot\u00edlia Nagy Rita<\/p>","protected":false},"author":1,"featured_media":0,"parent":0,"menu_order":0,"comment_status":"closed","ping_status":"closed","template":"","meta":{"footnotes":"","_links_to":"","_links_to_target":""},"class_list":["post-12181","page","type-page","status-publish"],"_links":{"self":[{"href":"https:\/\/oskaraskarolina.edu.rs\/sr\/wp-json\/wp\/v2\/pages\/12181","targetHints":{"allow":["GET"]}}],"collection":[{"href":"https:\/\/oskaraskarolina.edu.rs\/sr\/wp-json\/wp\/v2\/pages"}],"about":[{"href":"https:\/\/oskaraskarolina.edu.rs\/sr\/wp-json\/wp\/v2\/types\/page"}],"author":[{"embeddable":true,"href":"https:\/\/oskaraskarolina.edu.rs\/sr\/wp-json\/wp\/v2\/users\/1"}],"replies":[{"embeddable":true,"href":"https:\/\/oskaraskarolina.edu.rs\/sr\/wp-json\/wp\/v2\/comments?post=12181"}],"version-history":[{"count":12,"href":"https:\/\/oskaraskarolina.edu.rs\/sr\/wp-json\/wp\/v2\/pages\/12181\/revisions"}],"predecessor-version":[{"id":13585,"href":"https:\/\/oskaraskarolina.edu.rs\/sr\/wp-json\/wp\/v2\/pages\/12181\/revisions\/13585"}],"wp:attachment":[{"href":"https:\/\/oskaraskarolina.edu.rs\/sr\/wp-json\/wp\/v2\/media?parent=12181"}],"curies":[{"name":"wp","href":"https:\/\/api.w.org\/{rel}","templated":true}]}}