{"id":12239,"date":"2020-09-23T16:49:32","date_gmt":"2020-09-23T14:49:32","guid":{"rendered":"https:\/\/oskaraskarolina.edu.rs\/?page_id=12239"},"modified":"2026-03-20T12:00:40","modified_gmt":"2026-03-20T10:00:40","slug":"penzugy","status":"publish","type":"page","link":"https:\/\/oskaraskarolina.edu.rs\/sr\/penzugy\/","title":{"rendered":"Finansije"},"content":{"rendered":"<div data-elementor-type=\"wp-page\" data-elementor-id=\"12239\" class=\"elementor elementor-12239\">\n\t\t\t\t\t\t<section class=\"elementor-section elementor-top-section elementor-element elementor-element-59a55b5 elementor-section-boxed elementor-section-height-default elementor-section-height-default\" data-id=\"59a55b5\" data-element_type=\"section\" data-e-type=\"section\">\n\t\t\t\t\t\t<div class=\"elementor-container elementor-column-gap-default\">\n\t\t\t\t\t<div class=\"elementor-column elementor-col-50 elementor-top-column elementor-element elementor-element-91b04bc\" data-id=\"91b04bc\" data-element_type=\"column\" data-e-type=\"column\">\n\t\t\t<div class=\"elementor-widget-wrap elementor-element-populated\">\n\t\t\t\t\t\t<div class=\"elementor-element elementor-element-fb9d786 elementor-invisible elementor-widget elementor-widget-heading\" data-id=\"fb9d786\" data-element_type=\"widget\" data-e-type=\"widget\" data-settings=\"{&quot;_animation&quot;:&quot;fadeInLeft&quot;}\" data-widget_type=\"heading.default\">\n\t\t\t\t<div class=\"elementor-widget-container\">\n\t\t\t\t\t<h2 class=\"elementor-heading-title elementor-size-default\">Finansijski planovi<\/h2>\t\t\t\t<\/div>\n\t\t\t\t<\/div>\n\t\t\t\t\t<\/div>\n\t\t<\/div>\n\t\t\t\t<div class=\"elementor-column elementor-col-50 elementor-top-column elementor-element elementor-element-5e943f2\" data-id=\"5e943f2\" data-element_type=\"column\" data-e-type=\"column\">\n\t\t\t<div class=\"elementor-widget-wrap elementor-element-populated\">\n\t\t\t\t\t\t<div class=\"elementor-element elementor-element-56c025e elementor-invisible elementor-widget elementor-widget-heading\" data-id=\"56c025e\" data-element_type=\"widget\" data-e-type=\"widget\" data-settings=\"{&quot;_animation&quot;:&quot;fadeInRight&quot;}\" data-widget_type=\"heading.default\">\n\t\t\t\t<div class=\"elementor-widget-container\">\n\t\t\t\t\t<h2 class=\"elementor-heading-title elementor-size-default\">Zavr\u0161ni ra\u010dun<\/h2>\t\t\t\t<\/div>\n\t\t\t\t<\/div>\n\t\t\t\t\t<\/div>\n\t\t<\/div>\n\t\t\t\t\t<\/div>\n\t\t<\/section>\n\t\t\t\t<section class=\"elementor-section elementor-top-section elementor-element elementor-element-a4667d2 elementor-section-boxed elementor-section-height-default elementor-section-height-default\" data-id=\"a4667d2\" data-element_type=\"section\" data-e-type=\"section\">\n\t\t\t\t\t\t<div class=\"elementor-container elementor-column-gap-default\">\n\t\t\t\t\t<div class=\"elementor-column elementor-col-50 elementor-top-column elementor-element elementor-element-4efac9a\" data-id=\"4efac9a\" data-element_type=\"column\" data-e-type=\"column\">\n\t\t\t<div class=\"elementor-widget-wrap elementor-element-populated\">\n\t\t\t\t\t\t<div class=\"elementor-element elementor-element-eda1a96 elementor-widget__width-initial elementor-invisible elementor-widget elementor-widget-text-editor\" data-id=\"eda1a96\" data-element_type=\"widget\" data-e-type=\"widget\" data-settings=\"{&quot;_animation&quot;:&quot;fadeInUp&quot;}\" data-widget_type=\"text-editor.default\">\n\t\t\t\t<div class=\"elementor-widget-container\">\n\t\t\t\t\t\t\t\t\t<p><span style=\"color: #008000;\"><strong> <a style=\"color: #008000;\" href=\"https:\/\/oskaraskarolina.edu.rs\/sr\/%d1%84%d0%b8%d0%bd%d0%b0%d0%bd%d1%81%d0%b8%d1%98%d1%81%d0%ba%d0%b8-%d0%bf%d0%bb%d0%b0%d0%bd-2026\/\" rel=\"attachment wp-att-13592\">Finansijski plan 2026<\/a><\/strong><\/span><\/p><p><span style=\"color: #008000;\"><strong><a style=\"color: #008000;\" href=\"https:\/\/oskaraskarolina.edu.rs\/sr\/finansijski-plan-op-kkt-18-12-2025-kk\/\" rel=\"attachment wp-att-13557\">Finansijski plan 2 - 2025<\/a><\/strong><\/span><\/p><p><span style=\"color: #008000;\"><strong><a style=\"color: #008000;\" href=\"https:\/\/oskaraskarolina.edu.rs\/sr\/%d1%84%d0%b8%d0%bd%d0%b0%d0%bd%d1%81%d0%b8%d1%98%d1%81%d0%ba%d0%b8-%d0%bf%d0%bb%d0%b0%d0%bd-2025-2\/\" rel=\"attachment wp-att-13325\">Finansijski plan 2025<\/a><\/strong><\/span><\/p><p><span style=\"color: #008000;\"><strong><a style=\"color: #008000;\" href=\"https:\/\/oskaraskarolina.edu.rs\/sr\/finansijski-plan-2024\/\" rel=\"attachment wp-att-13254\">Finansijski plan 2024<\/a><\/strong><\/span><\/p><p><span style=\"color: #008000;\"><strong><a style=\"color: #008000;\" href=\"https:\/\/oskaraskarolina.edu.rs\/sr\/tekuci-buzet-2023\/\" rel=\"attachment wp-att-13148\">Finansijski plan 2023<\/a><\/strong><\/span><\/p><p><span style=\"color: #008000;\"><strong><a style=\"color: #008000;\" href=\"https:\/\/oskaraskarolina.edu.rs\/wp-content\/uploads\/2022\/02\/\u0424\u0438\u043d\u0430\u043d\u0441\u0438\u0458\u0441\u043a\u0438-\u043f\u043b\u0430\u043d-2022.pdf\" target=\"_blank\" rel=\"noopener\">Finansijski plan 2022<\/a><\/strong><\/span><\/p><p><span style=\"color: #008000;\"><strong><a style=\"color: #008000;\" href=\"https:\/\/oskaraskarolina.edu.rs\/wp-content\/uploads\/2021\/03\/finansijski-plan-2021.pdf\" target=\"_blank\" rel=\"noopener\">Finansijski plan 2021<\/a><\/strong><\/span><\/p><p><span style=\"color: #008000;\"><strong><a style=\"color: #008000;\" href=\"https:\/\/oskaraskarolina.edu.rs\/wp-content\/uploads\/2020\/09\/finansijski-plan-2020.pdf\" target=\"_blank\" rel=\"noopener\">Finansijski plan 2020<\/a><\/strong><\/span><\/p><p><span style=\"color: #008000;\"><strong><a style=\"color: #008000;\" href=\"https:\/\/oskaraskarolina.edu.rs\/wp-content\/uploads\/2020\/09\/finansijski-plan-2019.pdf\" target=\"_blank\" rel=\"noopener\">Finansijski plan 2019<\/a><\/strong><\/span><\/p><p><span style=\"color: #008000;\"><strong><a style=\"color: #008000;\" href=\"https:\/\/oskaraskarolina.edu.rs\/wp-content\/uploads\/2020\/09\/finansijski-plan-2018.pdf\" target=\"_blank\" rel=\"noopener\">Finansijski plan 2018.<\/a><\/strong><\/span><\/p><p><span style=\"color: #008000;\"><strong><a style=\"color: #008000;\" href=\"https:\/\/oskaraskarolina.edu.rs\/wp-content\/uploads\/2020\/09\/finansijski-plan-2017.pdf\" target=\"_blank\" rel=\"noopener\">Finansijski plan 2017.<\/a><\/strong><\/span><\/p><p><span style=\"color: #008000;\">\u00a0<\/span><\/p>\t\t\t\t\t\t\t\t<\/div>\n\t\t\t\t<\/div>\n\t\t\t\t\t<\/div>\n\t\t<\/div>\n\t\t\t\t<div class=\"elementor-column elementor-col-50 elementor-top-column elementor-element elementor-element-16a4c9f\" data-id=\"16a4c9f\" data-element_type=\"column\" data-e-type=\"column\">\n\t\t\t<div class=\"elementor-widget-wrap elementor-element-populated\">\n\t\t\t\t\t\t<div class=\"elementor-element elementor-element-395b422 elementor-invisible elementor-widget elementor-widget-text-editor\" data-id=\"395b422\" data-element_type=\"widget\" data-e-type=\"widget\" data-settings=\"{&quot;_animation&quot;:&quot;fadeInUp&quot;}\" data-widget_type=\"text-editor.default\">\n\t\t\t\t<div class=\"elementor-widget-container\">\n\t\t\t\t\t\t\t\t\t<p><strong><span style=\"color: #ff6600;\"><a style=\"color: #ff6600;\" href=\"https:\/\/oskaraskarolina.edu.rs\/sr\/%d0%b3%d0%be%d0%b4%d0%b8%d1%88%d1%9a%d0%b8-%d1%84%d0%b8%d0%bd%d0%b0%d0%bd%d1%81%d0%b8%d1%98%d1%81%d0%ba%d0%b8-%d0%b8%d0%b7%d0%b2%d0%b5%d1%88%d1%82%d0%b0%d1%98-2025\/\" rel=\"attachment wp-att-13588\">\u0413\u041e\u0414\u0418\u0428\u040a\u0418 \u0424\u0418\u041d\u0410\u041d\u0421\u0418\u0408\u0421\u041a\u0418 \u0418\u0417\u0412\u0415\u0428\u0422\u0410\u0408- 2025<\/a><\/span><\/strong><\/p><p><strong><span style=\"color: #ff6600;\"><a style=\"color: #ff6600;\" href=\"https:\/\/oskaraskarolina.edu.rs\/sr\/%d0%be%d0%b1%d1%80%d0%b0%d0%b7%d0%b0%d1%86-1-31-12-2024\/\" rel=\"attachment wp-att-13321\">Obrazac 1- 2024<\/a>\u00a0 \u00a0 \u00a0\u00a0<\/span><\/strong><span style=\"color: #ff00ff;\"><a style=\"font-weight: bold; background-color: #ffffff; color: #ff00ff;\" href=\"https:\/\/oskaraskarolina.edu.rs\/sr\/%d0%be%d0%b1%d1%80%d0%b0%d0%b7%d0%b0%d1%86-5-01-01-2024-31-12-2024\/\" rel=\"attachment wp-att-13348\">Obrazac 5\u00a0<\/a><\/span><\/p><p><a href=\"https:\/\/oskaraskarolina.edu.rs\/sr\/%d0%be%d0%b1%d1%80%d0%b0%d0%b7%d0%b0%d1%86-1-%d0%b1%d0%b8%d0%bb%d0%b0%d0%bd%d1%81-%d1%81%d1%82%d0%b0%d1%9a%d0%b0-31-12-2023\/\" rel=\"attachment wp-att-13255\"><span style=\"color: #ff6600;\"><strong>Obrazac<\/strong><\/span> <span style=\"color: #ff6600;\"><strong>1<\/strong><\/span><\/a><span style=\"color: #ff6600;\"><strong> &#8211; 2023\u00a0 \u00a0 \u00a0 <a href=\"https:\/\/oskaraskarolina.edu.rs\/sr\/%d0%be%d0%b1%d1%80%d0%b0%d0%b7%d0%b0%d1%86-5-%d0%b8%d0%b7%d0%b2%d0%b5%d1%88%d1%82%d0%b0%d1%98-%d0%be-%d0%b8%d0%b7%d0%b2%d1%80%d1%88%d0%b5%d1%9a%d1%83-%d0%b1%d1%83%d1%9f%d0%b5%d1%82%d0%b0-01-01-2023-3\/\" rel=\"attachment wp-att-13256\"><span style=\"color: #ff00ff;\">Obrazac<\/span> <span style=\"color: #ff00ff;\">5<\/span><\/a><\/strong><\/span><\/p><p><span style=\"color: #ff6600;\"><span style=\"color: #ff6600;\"><strong><a style=\"color: #ff6600;\" href=\"https:\/\/oskaraskarolina.edu.rs\/sr\/%d0%be%d0%b1%d1%80%d0%b0%d0%b7%d0%b0%d1%86-1-%d0%b1%d0%b8%d0%bb%d0%b0%d0%bd%d1%81-%d1%81%d1%82%d0%b0%d1%9a%d0%b0-31-12-2022\/\" rel=\"attachment wp-att-13153\">Obrazac 1<\/a>&#8211; 2022\u00a0 \u00a0 \u00a0 <span style=\"color: #ff00ff;\"><a style=\"color: #ff00ff;\" href=\"https:\/\/oskaraskarolina.edu.rs\/sr\/%d0%be%d0%b1%d1%80%d0%b0%d0%b7%d0%b0%d1%86-5-%d0%b8%d0%b7%d0%b2%d1%80%d1%88%d0%b5%d1%9a%d0%b5-%d0%b1%d1%83%d1%9f%d0%b5%d1%82%d0%b0-01-01-2022-31-12-2022\/\" rel=\"attachment wp-att-13157\">Obrazac 5<\/a><\/span><\/strong><\/span><\/span><\/p><p><span style=\"color: #ff6600;\"><strong><a href=\"https:\/\/oskaraskarolina.edu.rs\/wp-content\/uploads\/2022\/02\/\u041e\u0431\u0440\u0430\u0437\u0430\u0446-1-2021.pdf\" target=\"_blank\" rel=\"noopener\"><span style=\"color: #ff6600;\">Obrazac 1 - 2021<\/span>\u00a0 \u00a0 \u00a0 \u00a0<\/a><\/strong><\/span><span style=\"color: #ff6600;\"><strong><span style=\"color: #ff00ff;\"><a style=\"color: #ff00ff;\" href=\"https:\/\/oskaraskarolina.edu.rs\/wp-content\/uploads\/2022\/02\/\u041e\u0431\u0440\u0430\u0437\u0430\u0446-1-2021.pdf\" target=\"_blank\" rel=\"noopener\">Obrazac<\/a><\/span><span style=\"color: #cc99ff;\"><a style=\"color: #cc99ff;\" href=\"https:\/\/oskaraskarolina.edu.rs\/wp-content\/uploads\/2022\/02\/\u041e\u0431\u0440\u0430\u0437\u0430\u0446-5-2021.pdf\" target=\"_blank\" rel=\"noopener\"><span style=\"color: #ff00ff;\">-5<\/span><br \/><\/a><\/span><\/strong><\/span><\/p><p><span style=\"color: #ff6600;\"><strong><a style=\"color: #ff6600;\" href=\"https:\/\/oskaraskarolina.edu.rs\/wp-content\/uploads\/2021\/03\/obrazac-1-2020.pdf\" target=\"_blank\" rel=\"noopener\">Obrazac 1- 2020<\/a>\u00a0 \u00a0 \u00a0 <span style=\"color: #cc99ff;\"><a style=\"color: #cc99ff;\" href=\"https:\/\/oskaraskarolina.edu.rs\/wp-content\/uploads\/2021\/03\/obrazac-5-2020.pdf\" target=\"_blank\" rel=\"noopener\"><span style=\"color: #ff00ff;\">Obrazac 5<\/span><\/a><\/span><\/strong><\/span><\/p><p><span style=\"color: #ff6600;\"><strong><a style=\"color: #ff6600;\" href=\"https:\/\/oskaraskarolina.edu.rs\/wp-content\/uploads\/2020\/09\/obrazac-1-2019_compressed.pdf\" target=\"_blank\" rel=\"noopener\">Obrazac 1 - 2019<\/a>\u00a0 \u00a0 \u00a0 <span style=\"color: #ff00ff;\"><a style=\"color: #ff00ff;\" href=\"https:\/\/oskaraskarolina.edu.rs\/wp-content\/uploads\/2020\/09\/obrazac-5-19.pdf\" target=\"_blank\" rel=\"noopener\">Obrazac 5<\/a><\/span><\/strong><\/span><\/p><p><span style=\"color: #ff6600;\"><strong><a style=\"color: #ff6600;\" href=\"https:\/\/oskaraskarolina.edu.rs\/wp-content\/uploads\/2020\/09\/obrazac-1-2018_compressed.pdf\" target=\"_blank\" rel=\"noopener\">Obrazac 1 - 2018<\/a>\u00a0 \u00a0 \u00a0 <span style=\"color: #ff00ff;\">Obrazac<a style=\"color: #ff00ff;\" href=\"https:\/\/oskaraskarolina.edu.rs\/wp-content\/uploads\/2020\/09\/obrazac-5-18.pdf\" target=\"_blank\" rel=\"noopener\">\u00a05<\/a><\/span><\/strong><\/span><\/p><p><span style=\"color: #ff6600;\"><strong>Obrazac<a style=\"color: #ff6600;\" href=\"https:\/\/oskaraskarolina.edu.rs\/wp-content\/uploads\/2020\/09\/obrazac-1-2017_compressed.pdf\" target=\"_blank\" rel=\"noopener\">\u00a01 &#8211; 2017<\/a>\u00a0 \u00a0 \u00a0 \u00a0<span style=\"color: #ff00ff;\">Obrazac<\/span><span style=\"color: #cc99ff;\">\u00a05\u00a0<\/span><\/strong><\/span><\/p>\t\t\t\t\t\t\t\t<\/div>\n\t\t\t\t<\/div>\n\t\t\t\t\t<\/div>\n\t\t<\/div>\n\t\t\t\t\t<\/div>\n\t\t<\/section>\n\t\t\t\t<\/div>","protected":false},"excerpt":{"rendered":"<p>P\u00e9nz\u00fcgyi tervek Z\u00e1rsz\u00e1mad\u00e1s P\u00e9nz\u00fcgyi terv 2026 P\u00e9nz\u00fcgyi terv 2 .2025.-KK P\u00e9nz\u00fcgyi terv 2025 P\u00e9nz\u00fcgyi terv 2024 P\u00e9nz\u00fcgyi terv 2023 P\u00e9nz\u00fcgyi terv 2022 P\u00e9nz\u00fcgyi terv 2021 P\u00e9nz\u00fcgyi terv 2020 P\u00e9nz\u00fcgyi terv&hellip;<\/p>\n<p> <a class=\"more-link\" href=\"https:\/\/oskaraskarolina.edu.rs\/sr\/penzugy\/\">Read more<\/a><\/p>","protected":false},"author":1,"featured_media":0,"parent":0,"menu_order":0,"comment_status":"closed","ping_status":"closed","template":"","meta":{"footnotes":"","_links_to":"","_links_to_target":""},"class_list":["post-12239","page","type-page","status-publish"],"_links":{"self":[{"href":"https:\/\/oskaraskarolina.edu.rs\/sr\/wp-json\/wp\/v2\/pages\/12239","targetHints":{"allow":["GET"]}}],"collection":[{"href":"https:\/\/oskaraskarolina.edu.rs\/sr\/wp-json\/wp\/v2\/pages"}],"about":[{"href":"https:\/\/oskaraskarolina.edu.rs\/sr\/wp-json\/wp\/v2\/types\/page"}],"author":[{"embeddable":true,"href":"https:\/\/oskaraskarolina.edu.rs\/sr\/wp-json\/wp\/v2\/users\/1"}],"replies":[{"embeddable":true,"href":"https:\/\/oskaraskarolina.edu.rs\/sr\/wp-json\/wp\/v2\/comments?post=12239"}],"version-history":[{"count":93,"href":"https:\/\/oskaraskarolina.edu.rs\/sr\/wp-json\/wp\/v2\/pages\/12239\/revisions"}],"predecessor-version":[{"id":13599,"href":"https:\/\/oskaraskarolina.edu.rs\/sr\/wp-json\/wp\/v2\/pages\/12239\/revisions\/13599"}],"wp:attachment":[{"href":"https:\/\/oskaraskarolina.edu.rs\/sr\/wp-json\/wp\/v2\/media?parent=12239"}],"curies":[{"name":"wp","href":"https:\/\/api.w.org\/{rel}","templated":true}]}}