{"id":13540,"date":"2025-10-09T11:20:48","date_gmt":"2025-10-09T09:20:48","guid":{"rendered":"https:\/\/oskaraskarolina.edu.rs\/?page_id=13540"},"modified":"2026-03-31T14:02:03","modified_gmt":"2026-03-31T12:02:03","slug":"felnottoktatas","status":"publish","type":"page","link":"https:\/\/oskaraskarolina.edu.rs\/sr\/felnottoktatas\/","title":{"rendered":"OSNOVNO OBRAZOVANJE ZA ODRASLE"},"content":{"rendered":"<div data-elementor-type=\"wp-page\" data-elementor-id=\"13540\" class=\"elementor elementor-13540\">\n\t\t\t\t\t\t<section class=\"elementor-section elementor-top-section elementor-element elementor-element-79570b5 elementor-section-boxed elementor-section-height-default elementor-section-height-default\" data-id=\"79570b5\" data-element_type=\"section\" data-e-type=\"section\">\n\t\t\t\t\t\t<div class=\"elementor-container elementor-column-gap-default\">\n\t\t\t\t\t<div class=\"elementor-column elementor-col-100 elementor-top-column elementor-element elementor-element-ec2d5a6\" data-id=\"ec2d5a6\" data-element_type=\"column\" data-e-type=\"column\">\n\t\t\t<div class=\"elementor-widget-wrap elementor-element-populated\">\n\t\t\t\t\t\t<div class=\"elementor-element elementor-element-c647d3a elementor-widget elementor-widget-text-editor\" data-id=\"c647d3a\" data-element_type=\"widget\" data-e-type=\"widget\" data-widget_type=\"text-editor.default\">\n\t\t\t\t<div class=\"elementor-widget-container\">\n\t\t\t\t\t\t\t\t\t<p>Nastavnici<\/p><p>\u017du\u017eana Na\u0111 Torma (1.ciklus)<\/p><p>2. i 3. ciklus<\/p><p>Olga Radi\u010d<\/p><p>Kornelia Vanger<\/p><p>Jene Rovid<\/p><p>Ervin Aroksala\u0161i<\/p><p>Andrago\u0161ki asistent: \u010ciko\u0161 Laslo<\/p><p>Zvani\u010dan opis<\/p><p><a href=\"https:\/\/prosveta.gov.rs\/prosveta\/srednje-obrazovanje\/obrazovanje-odraslih\/osnovno-obrazovanje-odraslih\/\">\u041e\u0441\u043d\u043e\u0432\u043d\u043e \u043e\u0431\u0440\u0430\u0437\u043e\u0432\u0430\u045a\u0435 \u043e\u0434\u0440\u0430\u0441\u043b\u0438\u0445 &#8211; \u041c\u0438\u043d\u0438\u0441\u0442\u0430\u0440\u0441\u0442\u0432\u043e \u043f\u0440\u043e\u0441\u0432\u0435\u0442\u0435, \u043d\u0430\u0443\u043a\u0435 \u0438 \u0442\u0435\u0445\u043d\u043e\u043b\u043e\u0448\u043a\u043e\u0433 \u0440\u0430\u0437\u0432\u043e\u0458\u0430<\/a><\/p>\t\t\t\t\t\t\t\t<\/div>\n\t\t\t\t<\/div>\n\t\t\t\t\t<\/div>\n\t\t<\/div>\n\t\t\t\t\t<\/div>\n\t\t<\/section>\n\t\t\t\t<section class=\"elementor-section elementor-top-section elementor-element elementor-element-4a2cb04 elementor-section-boxed elementor-section-height-default elementor-section-height-default\" data-id=\"4a2cb04\" data-element_type=\"section\" data-e-type=\"section\">\n\t\t\t\t\t\t<div class=\"elementor-container elementor-column-gap-default\">\n\t\t\t\t\t<div class=\"elementor-column elementor-col-100 elementor-top-column elementor-element elementor-element-1a519f1\" data-id=\"1a519f1\" data-element_type=\"column\" data-e-type=\"column\">\n\t\t\t<div class=\"elementor-widget-wrap elementor-element-populated\">\n\t\t\t\t\t\t<div class=\"elementor-element elementor-element-6fc2a64 elementor-widget elementor-widget-text-editor\" data-id=\"6fc2a64\" data-element_type=\"widget\" data-e-type=\"widget\" data-widget_type=\"text-editor.default\">\n\t\t\t\t<div class=\"elementor-widget-container\">\n\t\t\t\t\t\t\t\t\t<p>\u00a0<a href=\"https:\/\/oskaraskarolina.edu.rs\/sr\/felnottoktatas\/iden-ujra-megnyitja-kapuit-a-felnottkepzes-2\/\" rel=\"attachment wp-att-13633\">Jelentkez\u00e9s<\/a><\/p>\t\t\t\t\t\t\t\t<\/div>\n\t\t\t\t<\/div>\n\t\t\t\t\t<\/div>\n\t\t<\/div>\n\t\t\t\t\t<\/div>\n\t\t<\/section>\n\t\t\t\t<\/div>","protected":false},"excerpt":{"rendered":"<p>Oktat\u00f3k: Nagy Torma Zsuzsanna ( 1. ciklus) 2. \u00e9s 3. ciklus: Radics Olga Vanger Korn\u00e9lia R\u00f6vid Jen\u0151 \u00c1roksz\u00e1ll\u00e1si Ervin Koordin\u00e1tor: Csik\u00f3s L\u00e1szl\u00f3 Hivatalos le\u00edr\u00e1s: \u041e\u0441\u043d\u043e\u0432\u043d\u043e \u043e\u0431\u0440\u0430\u0437\u043e\u0432\u0430\u045a\u0435 \u043e\u0434\u0440\u0430\u0441\u043b\u0438\u0445 &#8211; \u041c\u0438\u043d\u0438\u0441\u0442\u0430\u0440\u0441\u0442\u0432\u043e \u043f\u0440\u043e\u0441\u0432\u0435\u0442\u0435,&hellip;<\/p>\n<p> <a class=\"more-link\" href=\"https:\/\/oskaraskarolina.edu.rs\/sr\/felnottoktatas\/\">Read more<\/a><\/p>","protected":false},"author":4,"featured_media":0,"parent":0,"menu_order":0,"comment_status":"closed","ping_status":"closed","template":"","meta":{"footnotes":"","_links_to":"","_links_to_target":""},"class_list":["post-13540","page","type-page","status-publish"],"_links":{"self":[{"href":"https:\/\/oskaraskarolina.edu.rs\/sr\/wp-json\/wp\/v2\/pages\/13540","targetHints":{"allow":["GET"]}}],"collection":[{"href":"https:\/\/oskaraskarolina.edu.rs\/sr\/wp-json\/wp\/v2\/pages"}],"about":[{"href":"https:\/\/oskaraskarolina.edu.rs\/sr\/wp-json\/wp\/v2\/types\/page"}],"author":[{"embeddable":true,"href":"https:\/\/oskaraskarolina.edu.rs\/sr\/wp-json\/wp\/v2\/users\/4"}],"replies":[{"embeddable":true,"href":"https:\/\/oskaraskarolina.edu.rs\/sr\/wp-json\/wp\/v2\/comments?post=13540"}],"version-history":[{"count":14,"href":"https:\/\/oskaraskarolina.edu.rs\/sr\/wp-json\/wp\/v2\/pages\/13540\/revisions"}],"predecessor-version":[{"id":13636,"href":"https:\/\/oskaraskarolina.edu.rs\/sr\/wp-json\/wp\/v2\/pages\/13540\/revisions\/13636"}],"wp:attachment":[{"href":"https:\/\/oskaraskarolina.edu.rs\/sr\/wp-json\/wp\/v2\/media?parent=13540"}],"curies":[{"name":"wp","href":"https:\/\/api.w.org\/{rel}","templated":true}]}}