{"id":8754,"date":"2016-03-14T14:33:38","date_gmt":"2016-03-14T12:33:38","guid":{"rendered":"http:\/\/brooklyn.fatmoon.kinsta.com\/?page_id=2"},"modified":"2023-06-08T12:40:11","modified_gmt":"2023-06-08T10:40:11","slug":"home","status":"publish","type":"page","link":"https:\/\/oskaraskarolina.edu.rs\/sr\/","title":{"rendered":"Po\u010detna"},"content":{"rendered":"<div data-elementor-type=\"wp-post\" data-elementor-id=\"8754\" class=\"elementor elementor-8754\">\n\t\t\t\t\t\t<section class=\"elementor-section elementor-top-section elementor-element elementor-element-a0bb184 elementor-section-stretched elementor-section-full_width elementor-section-height-default elementor-section-height-default\" data-id=\"a0bb184\" data-element_type=\"section\" data-e-type=\"section\" data-settings=\"{&quot;stretch_section&quot;:&quot;section-stretched&quot;}\">\n\t\t\t\t\t\t<div class=\"elementor-container elementor-column-gap-no\">\n\t\t\t\t\t<div class=\"elementor-column elementor-col-100 elementor-top-column elementor-element elementor-element-24ed172\" data-id=\"24ed172\" data-element_type=\"column\" data-e-type=\"column\">\n\t\t\t<div class=\"elementor-widget-wrap elementor-element-populated\">\n\t\t\t\t\t\t<div class=\"elementor-element elementor-element-5520b2d elementor-widget elementor-widget-a13fe-slider\" data-id=\"5520b2d\" data-element_type=\"widget\" data-e-type=\"widget\" data-widget_type=\"a13fe-slider.default\">\n\t\t\t\t<div class=\"elementor-widget-container\">\n\t\t\t\t\t<div class=\"a13-slider-stuff\" data-autoplay=\"on\" data-transition=\"3\" data-fit_variant=\"4\" data-pattern=\"0\" data-gradient=\"off\" data-ken_burns_scale=\"95%\" data-texts=\"on\" data-title_color=\"\" data-transition_time=\"1000\" data-slide_interval=\"3000\" data-thumbs=\"on\" data-thumbs_on_load=\"off\" data-socials=\"off\" data-window_high=\"on\" data-main_slider=\"off\" data-ratio=\"16\/9\">\t    <ul class=\"gallery-media-collection screen-reader-text\">\r\n\t\t\t\t<li class=\"gallery-item type-image subtype-jpeg\" data-id=\"13126\" data-ratio_x=\"1\" data-bg_color=\"\" data-alt_attr=\"\" data-main-image=\"https:\/\/oskaraskarolina.edu.rs\/wp-content\/uploads\/2017\/01\/OSNOVNA-SKOLA.jpg\" data-brick_image=\"https:\/\/oskaraskarolina.edu.rs\/wp-content\/uploads\/apollo13_images\/OSNOVNA-SKOLA-7f1c8lubav2gbvkqvdlv3axt7hmzypkjai.jpg\" data-thumb=\"https:\/\/oskaraskarolina.edu.rs\/wp-content\/uploads\/2017\/01\/OSNOVNA-SKOLA-150x150.jpg\" data-link_target=\"0\">\r\n\t\t<a class=\"item__link\" href=\"https:\/\/oskaraskarolina.edu.rs\/wp-content\/uploads\/2017\/01\/OSNOVNA-SKOLA.jpg\">OSNOVNA SKOLA<\/a>\r\n\t\t\t\t\t<div id=\"item-desc-1\" class=\"item-desc\"><\/div>\r\n\t\t\t<\/li>\r\n\t<li class=\"gallery-item type-image subtype-jpeg\" data-id=\"12328\" data-ratio_x=\"1\" data-bg_color=\"\" data-alt_attr=\"\" data-main-image=\"https:\/\/oskaraskarolina.edu.rs\/wp-content\/uploads\/2017\/01\/a3-scaled.jpg\" data-brick_image=\"https:\/\/oskaraskarolina.edu.rs\/wp-content\/uploads\/apollo13_images\/a3-scaled-725rhzgf22iwxmt8km8hx8bqzqiyfh6v1m.jpg\" data-thumb=\"https:\/\/oskaraskarolina.edu.rs\/wp-content\/uploads\/2017\/01\/a3-150x150.jpg\" data-link_target=\"0\">\r\n\t\t<a class=\"item__link\" href=\"https:\/\/oskaraskarolina.edu.rs\/wp-content\/uploads\/2017\/01\/a3-scaled.jpg\">Osnovna \u0161kola Karas Karolina<\/a>\r\n\t\t\t\t\t<div id=\"item-desc-2\" class=\"item-desc\"><\/div>\r\n\t\t\t<\/li>\r\n\t<li class=\"gallery-item type-image subtype-jpeg\" data-id=\"12326\" data-ratio_x=\"1\" data-bg_color=\"\" data-alt_attr=\"\" data-main-image=\"https:\/\/oskaraskarolina.edu.rs\/wp-content\/uploads\/2017\/01\/a1-scaled.jpg\" data-brick_image=\"https:\/\/oskaraskarolina.edu.rs\/wp-content\/uploads\/apollo13_images\/a1-scaled-725rhnsdt477pjsgvq7z3vm9uon4qqgkve.jpg\" data-thumb=\"https:\/\/oskaraskarolina.edu.rs\/wp-content\/uploads\/2017\/01\/a1-150x150.jpg\" data-link_target=\"0\">\r\n\t\t<a class=\"item__link\" href=\"https:\/\/oskaraskarolina.edu.rs\/wp-content\/uploads\/2017\/01\/a1-scaled.jpg\">Osnovna \u0161kola Karas Karolina<\/a>\r\n\t\t\t\t\t<div id=\"item-desc-3\" class=\"item-desc\"><\/div>\r\n\t\t\t<\/li>\r\n\t\t<\/ul>\r\n\t    <\/div>\t\t\t\t<\/div>\n\t\t\t\t<\/div>\n\t\t\t\t\t<\/div>\n\t\t<\/div>\n\t\t\t\t\t<\/div>\n\t\t<\/section>\n\t\t\t\t<\/div>","protected":false},"excerpt":{"rendered":"<p>O\u0160 Karas Karolina Osnovna \u0161kola Karas Karolina K\u00e1r\u00e1sz Karolina \u00c1ltal\u00e1nos Iskola Osnovna \u0161kola Karas Karolina K\u00e1r\u00e1sz Karolina \u00c1ltal\u00e1nos Iskola Osnovna \u0161kola Karas Karolina K\u00e1r\u00e1sz Karolina \u00c1ltal\u00e1nos Iskola<\/p>","protected":false},"author":1,"featured_media":0,"parent":0,"menu_order":0,"comment_status":"closed","ping_status":"closed","template":"","meta":{"footnotes":"","_links_to":"","_links_to_target":""},"class_list":["post-8754","page","type-page","status-publish"],"_links":{"self":[{"href":"https:\/\/oskaraskarolina.edu.rs\/sr\/wp-json\/wp\/v2\/pages\/8754","targetHints":{"allow":["GET"]}}],"collection":[{"href":"https:\/\/oskaraskarolina.edu.rs\/sr\/wp-json\/wp\/v2\/pages"}],"about":[{"href":"https:\/\/oskaraskarolina.edu.rs\/sr\/wp-json\/wp\/v2\/types\/page"}],"author":[{"embeddable":true,"href":"https:\/\/oskaraskarolina.edu.rs\/sr\/wp-json\/wp\/v2\/users\/1"}],"replies":[{"embeddable":true,"href":"https:\/\/oskaraskarolina.edu.rs\/sr\/wp-json\/wp\/v2\/comments?post=8754"}],"version-history":[{"count":8,"href":"https:\/\/oskaraskarolina.edu.rs\/sr\/wp-json\/wp\/v2\/pages\/8754\/revisions"}],"predecessor-version":[{"id":13122,"href":"https:\/\/oskaraskarolina.edu.rs\/sr\/wp-json\/wp\/v2\/pages\/8754\/revisions\/13122"}],"wp:attachment":[{"href":"https:\/\/oskaraskarolina.edu.rs\/sr\/wp-json\/wp\/v2\/media?parent=8754"}],"curies":[{"name":"wp","href":"https:\/\/api.w.org\/{rel}","templated":true}]}}